{"id":386,"date":"2018-02-03T01:18:02","date_gmt":"2018-02-03T06:48:02","guid":{"rendered":"https:\/\/onlinevestige.com\/aquador\/?page_id=386"},"modified":"2018-02-08T03:00:30","modified_gmt":"2018-02-08T08:30:30","slug":"kullanim-sartlari","status":"publish","type":"page","link":"https:\/\/adparfums.com\/tr\/kullanim-sartlari\/","title":{"rendered":"Kullan\u0131m \u015fartlar\u0131"},"content":{"rendered":"","protected":false},"excerpt":{"rendered":"","protected":false},"author":1,"featured_media":0,"parent":0,"menu_order":0,"comment_status":"closed","ping_status":"closed","template":"","meta":[],"acf":[],"yoast_head":"<!-- This site is optimized with the Yoast SEO plugin v20.12 - https:\/\/yoast.com\/wordpress\/plugins\/seo\/ -->\r\n<title>Kullan\u0131m \u015fartlar\u0131 - Aquador Parfums<\/title>\r\n<meta name=\"robots\" content=\"index, follow, max-snippet:-1, max-image-preview:large, max-video-preview:-1\" \/>\r\n<link rel=\"canonical\" href=\"https:\/\/adparfums.com\/terms\/\" \/>\r\n<meta property=\"og:locale\" content=\"tr_TR\" \/>\r\n<meta property=\"og:type\" content=\"article\" \/>\r\n<meta property=\"og:title\" content=\"Kullan\u0131m \u015fartlar\u0131 - Aquador Parfums\" \/>\r\n<meta property=\"og:url\" content=\"https:\/\/adparfums.com\/terms\/\" \/>\r\n<meta property=\"og:site_name\" content=\"Aquador Parfums\" \/>\r\n<meta property=\"article:publisher\" content=\"https:\/\/www.facebook.com\/ADParfumsOfficial\" \/>\r\n<meta property=\"article:modified_time\" content=\"2018-02-08T08:30:30+00:00\" \/>\r\n<meta name=\"twitter:card\" content=\"summary_large_image\" \/>\r\n<script type=\"application\/ld+json\" class=\"yoast-schema-graph\">{\"@context\":\"https:\/\/schema.org\",\"@graph\":[{\"@type\":\"WebPage\",\"@id\":\"https:\/\/adparfums.com\/terms\/\",\"url\":\"https:\/\/adparfums.com\/terms\/\",\"name\":\"Kullan\u0131m \u015fartlar\u0131 - Aquador Parfums\",\"isPartOf\":{\"@id\":\"https:\/\/adparfums.com\/#website\"},\"datePublished\":\"2018-02-03T06:48:02+00:00\",\"dateModified\":\"2018-02-08T08:30:30+00:00\",\"breadcrumb\":{\"@id\":\"https:\/\/adparfums.com\/terms\/#breadcrumb\"},\"inLanguage\":\"tr-TR\",\"potentialAction\":[{\"@type\":\"ReadAction\",\"target\":[\"https:\/\/adparfums.com\/terms\/\"]}]},{\"@type\":\"BreadcrumbList\",\"@id\":\"https:\/\/adparfums.com\/terms\/#breadcrumb\",\"itemListElement\":[{\"@type\":\"ListItem\",\"position\":1,\"name\":\"Home\",\"item\":\"https:\/\/adparfums.com\/tr\/\"},{\"@type\":\"ListItem\",\"position\":2,\"name\":\"Kullan\u0131m \u015fartlar\u0131\"}]},{\"@type\":\"WebSite\",\"@id\":\"https:\/\/adparfums.com\/#website\",\"url\":\"https:\/\/adparfums.com\/\",\"name\":\"Aquador Parfums\",\"description\":\"\",\"potentialAction\":[{\"@type\":\"SearchAction\",\"target\":{\"@type\":\"EntryPoint\",\"urlTemplate\":\"https:\/\/adparfums.com\/?s={search_term_string}\"},\"query-input\":\"required name=search_term_string\"}],\"inLanguage\":\"tr-TR\"}]}<\/script>\r\n<!-- \/ Yoast SEO plugin. -->","yoast_head_json":{"title":"Kullan\u0131m \u015fartlar\u0131 - Aquador Parfums","robots":{"index":"index","follow":"follow","max-snippet":"max-snippet:-1","max-image-preview":"max-image-preview:large","max-video-preview":"max-video-preview:-1"},"canonical":"https:\/\/adparfums.com\/terms\/","og_locale":"tr_TR","og_type":"article","og_title":"Kullan\u0131m \u015fartlar\u0131 - Aquador Parfums","og_url":"https:\/\/adparfums.com\/terms\/","og_site_name":"Aquador Parfums","article_publisher":"https:\/\/www.facebook.com\/ADParfumsOfficial","article_modified_time":"2018-02-08T08:30:30+00:00","twitter_card":"summary_large_image","schema":{"@context":"https:\/\/schema.org","@graph":[{"@type":"WebPage","@id":"https:\/\/adparfums.com\/terms\/","url":"https:\/\/adparfums.com\/terms\/","name":"Kullan\u0131m \u015fartlar\u0131 - Aquador Parfums","isPartOf":{"@id":"https:\/\/adparfums.com\/#website"},"datePublished":"2018-02-03T06:48:02+00:00","dateModified":"2018-02-08T08:30:30+00:00","breadcrumb":{"@id":"https:\/\/adparfums.com\/terms\/#breadcrumb"},"inLanguage":"tr-TR","potentialAction":[{"@type":"ReadAction","target":["https:\/\/adparfums.com\/terms\/"]}]},{"@type":"BreadcrumbList","@id":"https:\/\/adparfums.com\/terms\/#breadcrumb","itemListElement":[{"@type":"ListItem","position":1,"name":"Home","item":"https:\/\/adparfums.com\/tr\/"},{"@type":"ListItem","position":2,"name":"Kullan\u0131m \u015fartlar\u0131"}]},{"@type":"WebSite","@id":"https:\/\/adparfums.com\/#website","url":"https:\/\/adparfums.com\/","name":"Aquador Parfums","description":"","potentialAction":[{"@type":"SearchAction","target":{"@type":"EntryPoint","urlTemplate":"https:\/\/adparfums.com\/?s={search_term_string}"},"query-input":"required name=search_term_string"}],"inLanguage":"tr-TR"}]}},"_links":{"self":[{"href":"https:\/\/adparfums.com\/tr\/wp-json\/wp\/v2\/pages\/386"}],"collection":[{"href":"https:\/\/adparfums.com\/tr\/wp-json\/wp\/v2\/pages"}],"about":[{"href":"https:\/\/adparfums.com\/tr\/wp-json\/wp\/v2\/types\/page"}],"author":[{"embeddable":true,"href":"https:\/\/adparfums.com\/tr\/wp-json\/wp\/v2\/users\/1"}],"replies":[{"embeddable":true,"href":"https:\/\/adparfums.com\/tr\/wp-json\/wp\/v2\/comments?post=386"}],"version-history":[{"count":0,"href":"https:\/\/adparfums.com\/tr\/wp-json\/wp\/v2\/pages\/386\/revisions"}],"wp:attachment":[{"href":"https:\/\/adparfums.com\/tr\/wp-json\/wp\/v2\/media?parent=386"}],"curies":[{"name":"wp","href":"https:\/\/api.w.org\/{rel}","templated":true}]}}