{"id":218,"date":"2017-12-29T06:26:14","date_gmt":"2017-12-29T06:26:14","guid":{"rendered":"https:\/\/onlinevestige.com\/aquador\/home\/"},"modified":"2018-03-05T02:09:28","modified_gmt":"2018-03-05T07:39:28","slug":"home","status":"publish","type":"page","link":"https:\/\/adparfums.com\/fr\/","title":{"rendered":"Home"},"content":{"rendered":"<h2>FRANCH\u0130SE<\/h2>\n<p>Le monde de la parfumerie vous int\u00e9resse? Lancez votre parfumerie en rejoignant notre r\u00e9seau de franchis\u00e9s.<\/p>\n","protected":false},"excerpt":{"rendered":"<p>FRANCH\u0130SE Le monde de la parfumerie vous int\u00e9resse? Lancez votre parfumerie en rejoignant notre r\u00e9seau de franchis\u00e9s.<\/p>\n","protected":false},"author":1,"featured_media":127,"parent":0,"menu_order":0,"comment_status":"closed","ping_status":"closed","template":"","meta":[],"acf":[],"yoast_head":"<!-- This site is optimized with the Yoast SEO plugin v20.12 - https:\/\/yoast.com\/wordpress\/plugins\/seo\/ -->\r\n<title>Home - Aquador Parfums<\/title>\r\n<meta name=\"robots\" content=\"index, follow, max-snippet:-1, max-image-preview:large, max-video-preview:-1\" \/>\r\n<link rel=\"canonical\" href=\"https:\/\/adparfums.com\/\" \/>\r\n<meta property=\"og:locale\" content=\"fr_FR\" \/>\r\n<meta property=\"og:type\" content=\"article\" \/>\r\n<meta property=\"og:title\" content=\"Home - Aquador Parfums\" \/>\r\n<meta property=\"og:description\" content=\"FRANCH\u0130SE Le monde de la parfumerie vous int\u00e9resse? Lancez votre parfumerie en rejoignant notre r\u00e9seau de franchis\u00e9s.\" \/>\r\n<meta property=\"og:url\" content=\"https:\/\/adparfums.com\/\" \/>\r\n<meta property=\"og:site_name\" content=\"Aquador Parfums\" \/>\r\n<meta property=\"article:publisher\" content=\"https:\/\/www.facebook.com\/ADParfumsOfficial\" \/>\r\n<meta property=\"article:modified_time\" content=\"2018-03-05T07:39:28+00:00\" \/>\r\n<meta property=\"og:image\" content=\"https:\/\/adparfums.com\/wp-content\/uploads\/2018\/01\/bg3e.jpg\" \/>\r\n\t<meta property=\"og:image:width\" content=\"828\" \/>\r\n\t<meta property=\"og:image:height\" content=\"752\" \/>\r\n\t<meta property=\"og:image:type\" content=\"image\/jpeg\" \/>\r\n<meta name=\"twitter:card\" content=\"summary_large_image\" \/>\r\n<script type=\"application\/ld+json\" class=\"yoast-schema-graph\">{\"@context\":\"https:\/\/schema.org\",\"@graph\":[{\"@type\":\"WebPage\",\"@id\":\"https:\/\/adparfums.com\/\",\"url\":\"https:\/\/adparfums.com\/\",\"name\":\"Home - Aquador Parfums\",\"isPartOf\":{\"@id\":\"https:\/\/adparfums.com\/#website\"},\"datePublished\":\"2017-12-29T06:26:14+00:00\",\"dateModified\":\"2018-03-05T07:39:28+00:00\",\"breadcrumb\":{\"@id\":\"https:\/\/adparfums.com\/#breadcrumb\"},\"inLanguage\":\"fr-FR\",\"potentialAction\":[{\"@type\":\"ReadAction\",\"target\":[\"https:\/\/adparfums.com\/\"]}]},{\"@type\":\"BreadcrumbList\",\"@id\":\"https:\/\/adparfums.com\/#breadcrumb\",\"itemListElement\":[{\"@type\":\"ListItem\",\"position\":1,\"name\":\"Home\",\"item\":\"https:\/\/adparfums.com\/\"},{\"@type\":\"ListItem\",\"position\":2,\"name\":\"Home\"}]},{\"@type\":\"WebSite\",\"@id\":\"https:\/\/adparfums.com\/#website\",\"url\":\"https:\/\/adparfums.com\/\",\"name\":\"Aquador Parfums\",\"description\":\"\",\"potentialAction\":[{\"@type\":\"SearchAction\",\"target\":{\"@type\":\"EntryPoint\",\"urlTemplate\":\"https:\/\/adparfums.com\/?s={search_term_string}\"},\"query-input\":\"required name=search_term_string\"}],\"inLanguage\":\"fr-FR\"}]}<\/script>\r\n<!-- \/ Yoast SEO plugin. -->","yoast_head_json":{"title":"Home - Aquador Parfums","robots":{"index":"index","follow":"follow","max-snippet":"max-snippet:-1","max-image-preview":"max-image-preview:large","max-video-preview":"max-video-preview:-1"},"canonical":"https:\/\/adparfums.com\/","og_locale":"fr_FR","og_type":"article","og_title":"Home - Aquador Parfums","og_description":"FRANCH\u0130SE Le monde de la parfumerie vous int\u00e9resse? Lancez votre parfumerie en rejoignant notre r\u00e9seau de franchis\u00e9s.","og_url":"https:\/\/adparfums.com\/","og_site_name":"Aquador Parfums","article_publisher":"https:\/\/www.facebook.com\/ADParfumsOfficial","article_modified_time":"2018-03-05T07:39:28+00:00","og_image":[{"width":828,"height":752,"url":"https:\/\/adparfums.com\/wp-content\/uploads\/2018\/01\/bg3e.jpg","type":"image\/jpeg"}],"twitter_card":"summary_large_image","schema":{"@context":"https:\/\/schema.org","@graph":[{"@type":"WebPage","@id":"https:\/\/adparfums.com\/","url":"https:\/\/adparfums.com\/","name":"Home - Aquador Parfums","isPartOf":{"@id":"https:\/\/adparfums.com\/#website"},"datePublished":"2017-12-29T06:26:14+00:00","dateModified":"2018-03-05T07:39:28+00:00","breadcrumb":{"@id":"https:\/\/adparfums.com\/#breadcrumb"},"inLanguage":"fr-FR","potentialAction":[{"@type":"ReadAction","target":["https:\/\/adparfums.com\/"]}]},{"@type":"BreadcrumbList","@id":"https:\/\/adparfums.com\/#breadcrumb","itemListElement":[{"@type":"ListItem","position":1,"name":"Home","item":"https:\/\/adparfums.com\/"},{"@type":"ListItem","position":2,"name":"Home"}]},{"@type":"WebSite","@id":"https:\/\/adparfums.com\/#website","url":"https:\/\/adparfums.com\/","name":"Aquador Parfums","description":"","potentialAction":[{"@type":"SearchAction","target":{"@type":"EntryPoint","urlTemplate":"https:\/\/adparfums.com\/?s={search_term_string}"},"query-input":"required name=search_term_string"}],"inLanguage":"fr-FR"}]}},"_links":{"self":[{"href":"https:\/\/adparfums.com\/fr\/wp-json\/wp\/v2\/pages\/218"}],"collection":[{"href":"https:\/\/adparfums.com\/fr\/wp-json\/wp\/v2\/pages"}],"about":[{"href":"https:\/\/adparfums.com\/fr\/wp-json\/wp\/v2\/types\/page"}],"author":[{"embeddable":true,"href":"https:\/\/adparfums.com\/fr\/wp-json\/wp\/v2\/users\/1"}],"replies":[{"embeddable":true,"href":"https:\/\/adparfums.com\/fr\/wp-json\/wp\/v2\/comments?post=218"}],"version-history":[{"count":0,"href":"https:\/\/adparfums.com\/fr\/wp-json\/wp\/v2\/pages\/218\/revisions"}],"wp:featuredmedia":[{"embeddable":true,"href":"https:\/\/adparfums.com\/fr\/wp-json\/wp\/v2\/media\/127"}],"wp:attachment":[{"href":"https:\/\/adparfums.com\/fr\/wp-json\/wp\/v2\/media?parent=218"}],"curies":[{"name":"wp","href":"https:\/\/api.w.org\/{rel}","templated":true}]}}